{"id":10395,"date":"2023-04-14T11:35:02","date_gmt":"2023-04-14T11:35:02","guid":{"rendered":"https:\/\/rubnv70.sg-host.com\/data-protection"},"modified":"2023-08-26T16:51:44","modified_gmt":"2023-08-26T16:51:44","slug":"protection-des-donnees","status":"publish","type":"page","link":"https:\/\/www.inmesol.com\/fr\/protection-des-donnees\/","title":{"rendered":"PROTECTION DES DONN\u00c9ES"},"content":{"rendered":"\t\t<div data-elementor-type=\"wp-page\" data-elementor-id=\"10395\" class=\"elementor elementor-10395 elementor-228\" data-elementor-post-type=\"page\">\n\t\t\t\t<div class=\"elementor-element elementor-element-7301b35 e-flex e-con-boxed e-con e-parent\" data-id=\"7301b35\" data-element_type=\"container\" data-e-type=\"container\" data-settings=\"{&quot;background_background&quot;:&quot;classic&quot;,&quot;background_motion_fx_motion_fx_scrolling&quot;:&quot;yes&quot;,&quot;background_motion_fx_translateY_effect&quot;:&quot;yes&quot;,&quot;jet_parallax_layout_list&quot;:[],&quot;background_motion_fx_translateY_direction&quot;:&quot;negative&quot;,&quot;background_motion_fx_translateY_speed&quot;:{&quot;unit&quot;:&quot;px&quot;,&quot;size&quot;:4,&quot;sizes&quot;:[]},&quot;background_motion_fx_translateY_affectedRange&quot;:{&quot;unit&quot;:&quot;%&quot;,&quot;size&quot;:&quot;&quot;,&quot;sizes&quot;:{&quot;start&quot;:0,&quot;end&quot;:100}},&quot;background_motion_fx_devices&quot;:[&quot;desktop&quot;,&quot;tablet&quot;,&quot;mobile&quot;]}\">\n\t\t\t\t\t<div class=\"e-con-inner\">\n\t\t\t\t<div class=\"elementor-element elementor-element-9b65c70 elementor-widget elementor-widget-shortcode\" data-id=\"9b65c70\" data-element_type=\"widget\" data-e-type=\"widget\" data-widget_type=\"shortcode.default\">\n\t\t\t\t<div class=\"elementor-widget-container\">\n\t\t\t\t\t\t\t<div class=\"elementor-shortcode\"><nav aria-label=\"breadcrumbs\" class=\"rank-math-breadcrumb\"><p><span class=\"last\">Home<\/span><\/p><\/nav><\/div>\n\t\t\t\t\t\t<\/div>\n\t\t\t\t<\/div>\n\t\t\t\t<div class=\"elementor-element elementor-element-1ad6d1e elementor-widget__width-initial elementor-widget elementor-widget-text-editor\" data-id=\"1ad6d1e\" data-element_type=\"widget\" data-e-type=\"widget\" data-widget_type=\"text-editor.default\">\n\t\t\t\t<div class=\"elementor-widget-container\">\n\t\t\t\t\t\t\t\t\tPROTECTION DES DONN\u00c9ES\t\t\t\t\t\t\t\t<\/div>\n\t\t\t\t<\/div>\n\t\t\t\t\t<\/div>\n\t\t\t\t<\/div>\n\t\t<div class=\"elementor-element elementor-element-d3ac782 e-flex e-con-boxed e-con e-parent\" data-id=\"d3ac782\" data-element_type=\"container\" data-e-type=\"container\" data-settings=\"{&quot;jet_parallax_layout_list&quot;:[]}\">\n\t\t\t\t\t<div class=\"e-con-inner\">\n\t\t\t\t<div class=\"elementor-element elementor-element-8547253 elementor-widget elementor-widget-text-editor\" data-id=\"8547253\" data-element_type=\"widget\" data-e-type=\"widget\" data-widget_type=\"text-editor.default\">\n\t\t\t\t<div class=\"elementor-widget-container\">\n\t\t\t\t\t\t\t\t\tConform\u00e9ment aux dispositions du RGPD, nous vous informons que vos donn\u00e9es seront trait\u00e9es dans nos fichiers, dans le but de maintenir et de remplir la relation avec notre entit\u00e9, y compris l&rsquo;envoi de communications dans le cadre de la relation susmentionn\u00e9e.\n<br><br>\nDe m\u00eame, vos donn\u00e9es seront transf\u00e9r\u00e9es dans tous les cas o\u00f9 cela est n\u00e9cessaire au d\u00e9veloppement, au respect et au contr\u00f4le de la relation avec notre entit\u00e9 ou dans les cas o\u00f9 cela est autoris\u00e9 par un r\u00e8glement ayant force de loi. Conform\u00e9ment au RGPD, vous pouvez exercer vos droits ARCO aupr\u00e8s de <strong>INMESOL<\/strong>, avec une adresse \u00e0 <strong>Ctra. Fuente \u00c1lamo, 2 30153 CORVERA \u2013 Murcia<\/strong>, en joignant une photocopie de votre pi\u00e8ce d&rsquo;identit\u00e9.\n<br><br>\nLes donn\u00e9es demand\u00e9es \u00e0 l&rsquo;Utilisateur seront celles n\u00e9cessaires aux fonctions requises par le Site INMESOL, sans que celles-ci soient accessibles \u00e0 des tiers non annonc\u00e9s sur le Web, sauf autorisation expresse de l&rsquo;Utilisateur.\n<br><br>\nL&rsquo;Utilisateur donne son consentement expr\u00e8s, libre et sans \u00e9quivoque \u00e0 la collecte et au traitement de ses donn\u00e9es par INMESOL, ne pouvant \u00e0 aucun moment vendre lesdites donn\u00e9es \u00e0 des tiers ext\u00e9rieurs \u00e0 l&rsquo;organisation INMESOL. Le traitement de ces donn\u00e9es sera de nature publicitaire, statistique, commerciale et autres outils marketing existants.\n<br><br>\n\u00c0 tout moment, l&rsquo;Utilisateur peut demander l&rsquo;acc\u00e8s, la rectification, l&rsquo;annulation et l&rsquo;opposition de ses donn\u00e9es personnelles par courrier \u00e9lectronique \u00e0 l&rsquo;adresse <strong>atencioncliente@inmesol.com<\/strong> en indiquant son nom, son num\u00e9ro d&rsquo;identification et l&rsquo;expression claire de son d\u00e9sir. cesser de recevoir des communications commerciales.\n<br><br>\nINMESOL utilisera les donn\u00e9es personnelles pour les processus de communication avec les utilisateurs visitant notre site Web. Le Site accorde \u00e0 tout moment \u00e0 l&rsquo;utilisateur les droits d&rsquo;acc\u00e8s, de rectification, d&rsquo;annulation et d&rsquo;opposition \u00e0 toute modification (sur ses propres donn\u00e9es conform\u00e9ment aux dispositions de la loi organique 15\/99 sur la protection des donn\u00e9es personnelles du 13 d\u00e9cembre et au R\u00e8glement de s\u00e9curit\u00e9. , pour lequel l&rsquo;Utilisateur doit remplir l&rsquo;un des formulaires suivants et l&rsquo;envoyer accompagn\u00e9 d&rsquo;une copie de sa pi\u00e8ce d&rsquo;identit\u00e9 \u00e0 l&rsquo;adresse <strong>atencioncliente@inmesol.com<\/strong>.\n<br><br>\nLa collecte de donn\u00e9es personnelles est effectu\u00e9e dans le but de fournir le service d&rsquo;information ainsi que d&rsquo;am\u00e9liorer le service de newsletter, de vous envoyer de la publicit\u00e9 pour des produits et services, des avis, des offres et, en g\u00e9n\u00e9ral, des informations \u00e0 caract\u00e8re commercial d&rsquo;int\u00e9r\u00eat personnel. aux biens et services propos\u00e9s via le Site.\n<br><br>\n<a href=\"https:\/\/www.inmesol.com\/wp-content\/uploads\/2023\/05\/acceso.pdf\" target=\"_blank\" rel=\"noopener\">Mod\u00e8le d&rsquo;exercice du droit d&rsquo;acc\u00e8s \u00e0 les donn\u00e9es<\/a>\n<br><br>\n<a href=\"https:\/\/www.inmesol.com\/wp-content\/uploads\/2023\/05\/rectification.pdf\" target=\"_blank\" rel=\"noopener\">Mod\u00e8le pour l&rsquo;exercice du droit de Modification aux donn\u00e9es<\/a>\n<br><br>\n<a href=\"https:\/\/www.inmesol.com\/wp-content\/uploads\/2023\/05\/cancelacion.pdf\" target=\"_blank\" rel=\"noopener\">Mod\u00e8le d&rsquo;exercice du droit d&rsquo;annulation de les donn\u00e9es<\/a>\n<br><br>\nLors de l&rsquo;utilisation de notre site Internet, nous sommes amen\u00e9s \u00e0 vous demander certaines informations pour acc\u00e9l\u00e9rer nos relations commerciales et vous offrir un meilleur service : nom ou raison sociale de votre soci\u00e9t\u00e9, personne de contact, adresses de livraison et de facturation et adresse e-mail. Certaines de ces informations sont indispensables au traitement de votre commande, tandis que d&rsquo;autres nous permettent de mieux vous conna\u00eetre et d&rsquo;adapter nos offres \u00e0 vos besoins sp\u00e9cifiques. Sur les pages o\u00f9 des donn\u00e9es personnelles sont demand\u00e9es, vous serez inform\u00e9 de tous les champs obligatoires (marqu\u00e9s du symbole *), le reste \u00e9tant facultatif.\n<br><br>\nDe plus, lors de votre visite, notre site Internet collecte, gr\u00e2ce \u00e0 des programmes activ\u00e9s par votre propre ordinateur, des donn\u00e9es relatives \u00e0 la date, aux pages consult\u00e9es, \u00e0 l&rsquo;heure de la consultation, etc. ainsi que l&rsquo;adresse informatique de votre ordinateur, le fournisseur d&rsquo;acc\u00e8s Internet, le m\u00e9canisme de recherche, le lien, etc. Cette collecte de donn\u00e9es nous permet d&rsquo;am\u00e9liorer la fonctionnalit\u00e9 de notre site Internet et d&rsquo;augmenter l&rsquo;efficacit\u00e9 de nos partenaires. Vous pouvez emp\u00eacher cette collecte en d\u00e9sactivant cette fonction dans votre navigateur.\t\t\t\t\t\t\t\t<\/div>\n\t\t\t\t<\/div>\n\t\t\t\t\t<\/div>\n\t\t\t\t<\/div>\n\t\t\t\t<\/div>\n\t\t","protected":false},"excerpt":{"rendered":"<p>Conform\u00e9ment aux dispositions du RGPD, nous vous informons que vos donn\u00e9es seront trait\u00e9es dans nos fichiers, dans le but de maintenir et de remplir la relation avec notre entit\u00e9, y compris l&rsquo;envoi de communications dans le cadre de la relation susmentionn\u00e9e. De m\u00eame, vos donn\u00e9es seront transf\u00e9r\u00e9es dans tous les cas o\u00f9 cela est n\u00e9cessaire [&hellip;]<\/p>\n","protected":false},"author":1,"featured_media":0,"parent":0,"menu_order":0,"comment_status":"closed","ping_status":"closed","template":"elementor_theme","meta":{"inline_featured_image":false,"footnotes":""},"class_list":["post-10395","page","type-page","status-publish","hentry"],"_links":{"self":[{"href":"https:\/\/www.inmesol.com\/fr\/wp-json\/wp\/v2\/pages\/10395","targetHints":{"allow":["GET"]}}],"collection":[{"href":"https:\/\/www.inmesol.com\/fr\/wp-json\/wp\/v2\/pages"}],"about":[{"href":"https:\/\/www.inmesol.com\/fr\/wp-json\/wp\/v2\/types\/page"}],"author":[{"embeddable":true,"href":"https:\/\/www.inmesol.com\/fr\/wp-json\/wp\/v2\/users\/1"}],"replies":[{"embeddable":true,"href":"https:\/\/www.inmesol.com\/fr\/wp-json\/wp\/v2\/comments?post=10395"}],"version-history":[{"count":0,"href":"https:\/\/www.inmesol.com\/fr\/wp-json\/wp\/v2\/pages\/10395\/revisions"}],"wp:attachment":[{"href":"https:\/\/www.inmesol.com\/fr\/wp-json\/wp\/v2\/media?parent=10395"}],"curies":[{"name":"wp","href":"https:\/\/api.w.org\/{rel}","templated":true}]}}